{"id":473,"date":"2024-07-10T17:16:32","date_gmt":"2024-07-10T15:16:32","guid":{"rendered":"https:\/\/taxi-marche-libramont.myskydoowebsite.com\/?page_id=473"},"modified":"2024-10-09T17:17:03","modified_gmt":"2024-10-09T15:17:03","slug":"taxi-famenne","status":"publish","type":"page","link":"https:\/\/taxi-marche-libramont.myskydoowebsite.com\/?page_id=473","title":{"rendered":"Famenne"},"content":{"rendered":"\t\t<div data-elementor-type=\"wp-page\" data-elementor-id=\"473\" class=\"elementor elementor-473\" data-elementor-post-type=\"page\">\n\t\t\t\t<div class=\"elementor-element elementor-element-ae6840e e-con-full e-flex e-con e-parent\" data-id=\"ae6840e\" data-element_type=\"container\" data-e-type=\"container\" data-settings=\"{&quot;background_background&quot;:&quot;classic&quot;}\">\n\t\t<div class=\"elementor-element elementor-element-3082f71 e-con-full e-flex e-con e-child\" data-id=\"3082f71\" data-element_type=\"container\" data-e-type=\"container\">\n\t\t\t\t<div class=\"elementor-element elementor-element-09b7a12 elementor-invisible elementor-widget elementor-widget-heading\" data-id=\"09b7a12\" data-element_type=\"widget\" data-e-type=\"widget\" data-settings=\"{&quot;_animation&quot;:&quot;fadeInLeft&quot;}\" data-widget_type=\"heading.default\">\n\t\t\t\t<div class=\"elementor-widget-container\">\n\t\t\t\t\t<h2 class=\"elementor-heading-title elementor-size-default\">Zone Famenne<\/h2>\t\t\t\t<\/div>\n\t\t\t\t<\/div>\n\t\t\t\t<\/div>\n\t\t\t\t<\/div>\n\t\t<div class=\"elementor-element elementor-element-ed308b4 e-flex e-con-boxed e-con e-parent\" data-id=\"ed308b4\" data-element_type=\"container\" data-e-type=\"container\" data-settings=\"{&quot;background_background&quot;:&quot;classic&quot;}\">\n\t\t\t\t\t<div class=\"e-con-inner\">\n\t\t\t\t<div class=\"elementor-element elementor-element-6669340 elementor-widget elementor-widget-heading\" data-id=\"6669340\" data-element_type=\"widget\" data-e-type=\"widget\" data-widget_type=\"heading.default\">\n\t\t\t\t<div class=\"elementor-widget-container\">\n\t\t\t\t\t<h2 class=\"elementor-heading-title elementor-size-default\">Les incontournables de la zone Famenne<\/h2>\t\t\t\t<\/div>\n\t\t\t\t<\/div>\n\t\t\t\t<div class=\"elementor-element elementor-element-4dd41d8 elementor-widget elementor-widget-text-editor\" data-id=\"4dd41d8\" data-element_type=\"widget\" data-e-type=\"widget\" data-widget_type=\"text-editor.default\">\n\t\t\t\t<div class=\"elementor-widget-container\">\n\t\t\t\t\t\t\t\t\t<p>La <strong>Famenne<\/strong> est une r\u00e9gion naturelle du sud de la Belgique, connue pour ses paysages vallonn\u00e9s, ses grottes, comme les <strong>Grottes de Han<\/strong>, et ses rivi\u00e8res. Elle offre un cadre id\u00e9al pour les activit\u00e9s de plein air, telles que la randonn\u00e9e et le kayak. Ses petites villes, comme <strong>Marche-en-Famenne<\/strong>, combinent patrimoine historique et nature.<\/p>\t\t\t\t\t\t\t\t<\/div>\n\t\t\t\t<\/div>\n\t\t<div class=\"elementor-element elementor-element-c302fdd e-con-full e-flex e-con e-child\" data-id=\"c302fdd\" data-element_type=\"container\" data-e-type=\"container\">\n\t\t<div class=\"elementor-element elementor-element-5bc31fa e-con-full e-flex e-con e-child\" data-id=\"5bc31fa\" data-element_type=\"container\" data-e-type=\"container\" data-settings=\"{&quot;background_background&quot;:&quot;classic&quot;}\">\n\t\t\t\t<\/div>\n\t\t<div class=\"elementor-element elementor-element-5041b79 e-con-full e-flex e-con e-child\" data-id=\"5041b79\" data-element_type=\"container\" data-e-type=\"container\">\n\t\t\t\t<div class=\"elementor-element elementor-element-d0c8c1b elementor-widget elementor-widget-heading\" data-id=\"d0c8c1b\" data-element_type=\"widget\" data-e-type=\"widget\" data-widget_type=\"heading.default\">\n\t\t\t\t<div class=\"elementor-widget-container\">\n\t\t\t\t\t<h2 class=\"elementor-heading-title elementor-size-default\">Grottes de Han<\/h2>\t\t\t\t<\/div>\n\t\t\t\t<\/div>\n\t\t\t\t<div class=\"elementor-element elementor-element-b5858e6 elementor-widget elementor-widget-text-editor\" data-id=\"b5858e6\" data-element_type=\"widget\" data-e-type=\"widget\" data-widget_type=\"text-editor.default\">\n\t\t\t\t<div class=\"elementor-widget-container\">\n\t\t\t\t\t\t\t\t\t<p>L&rsquo;une des principales attractions de la r\u00e9gion, les Grottes de Han sont un site naturel impressionnant avec des visites guid\u00e9es pour explorer des cavit\u00e9s souterraines. C&rsquo;est \u00e9galement un parc avec une r\u00e9serve naturelle.<br \/><strong>Activit\u00e9<\/strong> : Visite des grottes, exploration de la r\u00e9serve naturelle avec observation des animaux.<\/p>\t\t\t\t\t\t\t\t<\/div>\n\t\t\t\t<\/div>\n\t\t\t\t<\/div>\n\t\t\t\t<\/div>\n\t\t<div class=\"elementor-element elementor-element-f0e70d2 e-con-full e-flex e-con e-child\" data-id=\"f0e70d2\" data-element_type=\"container\" data-e-type=\"container\">\n\t\t<div class=\"elementor-element elementor-element-d5c23b2 e-con-full e-flex e-con e-child\" data-id=\"d5c23b2\" data-element_type=\"container\" data-e-type=\"container\" data-settings=\"{&quot;background_background&quot;:&quot;classic&quot;}\">\n\t\t\t\t<\/div>\n\t\t<div class=\"elementor-element elementor-element-379aa22 e-con-full e-flex e-con e-child\" data-id=\"379aa22\" data-element_type=\"container\" data-e-type=\"container\">\n\t\t\t\t<div class=\"elementor-element elementor-element-55bfe96 elementor-widget elementor-widget-heading\" data-id=\"55bfe96\" data-element_type=\"widget\" data-e-type=\"widget\" data-widget_type=\"heading.default\">\n\t\t\t\t<div class=\"elementor-widget-container\">\n\t\t\t\t\t<h2 class=\"elementor-heading-title elementor-size-default\">Ch\u00e2teau de Lavaux-Sainte-Anne<\/h2>\t\t\t\t<\/div>\n\t\t\t\t<\/div>\n\t\t\t\t<div class=\"elementor-element elementor-element-9f6753f elementor-widget elementor-widget-text-editor\" data-id=\"9f6753f\" data-element_type=\"widget\" data-e-type=\"widget\" data-widget_type=\"text-editor.default\">\n\t\t\t\t<div class=\"elementor-widget-container\">\n\t\t\t\t\t\t\t\t\t<p>Un magnifique ch\u00e2teau m\u00e9di\u00e9val avec un mus\u00e9e \u00e0 l&rsquo;int\u00e9rieur. Il est entour\u00e9 de jardins pittoresques et d&rsquo;\u00e9tangs.<br \/><strong>Activit\u00e9<\/strong> : Visite du ch\u00e2teau et de ses jardins, d\u00e9couverte de l&rsquo;histoire r\u00e9gionale.<\/p>\t\t\t\t\t\t\t\t<\/div>\n\t\t\t\t<\/div>\n\t\t\t\t<\/div>\n\t\t\t\t<\/div>\n\t\t<div class=\"elementor-element elementor-element-bb416ae e-con-full e-flex e-con e-child\" data-id=\"bb416ae\" data-element_type=\"container\" data-e-type=\"container\">\n\t\t<div class=\"elementor-element elementor-element-d36613e e-con-full e-flex e-con e-child\" data-id=\"d36613e\" data-element_type=\"container\" data-e-type=\"container\" data-settings=\"{&quot;background_background&quot;:&quot;classic&quot;}\">\n\t\t\t\t<\/div>\n\t\t<div class=\"elementor-element elementor-element-61b6c81 e-con-full e-flex e-con e-child\" data-id=\"61b6c81\" data-element_type=\"container\" data-e-type=\"container\">\n\t\t\t\t<div class=\"elementor-element elementor-element-3d5a451 elementor-widget elementor-widget-heading\" data-id=\"3d5a451\" data-element_type=\"widget\" data-e-type=\"widget\" data-widget_type=\"heading.default\">\n\t\t\t\t<div class=\"elementor-widget-container\">\n\t\t\t\t\t<h2 class=\"elementor-heading-title elementor-size-default\">Durbuy, la plus petite ville du monde<\/h2>\t\t\t\t<\/div>\n\t\t\t\t<\/div>\n\t\t\t\t<div class=\"elementor-element elementor-element-440a743 elementor-widget elementor-widget-text-editor\" data-id=\"440a743\" data-element_type=\"widget\" data-e-type=\"widget\" data-widget_type=\"text-editor.default\">\n\t\t\t\t<div class=\"elementor-widget-container\">\n\t\t\t\t\t\t\t\t\t<p>Bien qu&rsquo;elle ne soit techniquement pas en Famenne, elle est toute proche et constitue une belle excursion. Durbuy est une charmante petite ville m\u00e9di\u00e9vale avec des ruelles pittoresques.<br \/><strong>Activit\u00e9<\/strong> : Promenade dans les rues historiques, d\u00e9couverte des boutiques artisanales, et d\u00e9gustation de produits locaux.<\/p>\t\t\t\t\t\t\t\t<\/div>\n\t\t\t\t<\/div>\n\t\t\t\t<\/div>\n\t\t\t\t<\/div>\n\t\t<div class=\"elementor-element elementor-element-611f363 e-con-full e-flex e-con e-child\" data-id=\"611f363\" data-element_type=\"container\" data-e-type=\"container\">\n\t\t<div class=\"elementor-element elementor-element-09963e5 e-con-full e-flex e-con e-child\" data-id=\"09963e5\" data-element_type=\"container\" data-e-type=\"container\" data-settings=\"{&quot;background_background&quot;:&quot;classic&quot;}\">\n\t\t\t\t<\/div>\n\t\t<div class=\"elementor-element elementor-element-c032e55 e-con-full e-flex e-con e-child\" data-id=\"c032e55\" data-element_type=\"container\" data-e-type=\"container\">\n\t\t\t\t<div class=\"elementor-element elementor-element-f7b1ae7 elementor-widget elementor-widget-heading\" data-id=\"f7b1ae7\" data-element_type=\"widget\" data-e-type=\"widget\" data-widget_type=\"heading.default\">\n\t\t\t\t<div class=\"elementor-widget-container\">\n\t\t\t\t\t<h2 class=\"elementor-heading-title elementor-size-default\">Kayak sur la Lesse<\/h2>\t\t\t\t<\/div>\n\t\t\t\t<\/div>\n\t\t\t\t<div class=\"elementor-element elementor-element-eff119b elementor-widget elementor-widget-text-editor\" data-id=\"eff119b\" data-element_type=\"widget\" data-e-type=\"widget\" data-widget_type=\"text-editor.default\">\n\t\t\t\t<div class=\"elementor-widget-container\">\n\t\t\t\t\t\t\t\t\t<p>Une activit\u00e9 id\u00e9ale pour les amateurs de plein air. La rivi\u00e8re Lesse traverse la r\u00e9gion de Famenne et offre une exp\u00e9rience de kayak agr\u00e9able, au c\u0153ur de la nature.<br \/><strong>Activit\u00e9<\/strong> : Descente en kayak ou cano\u00eb, observation de la faune et de la flore.<\/p>\t\t\t\t\t\t\t\t<\/div>\n\t\t\t\t<\/div>\n\t\t\t\t<\/div>\n\t\t\t\t<\/div>\n\t\t\t\t\t<\/div>\n\t\t\t\t<\/div>\n\t\t<div class=\"elementor-element elementor-element-f19c8b9 e-flex e-con-boxed e-con e-parent\" data-id=\"f19c8b9\" data-element_type=\"container\" data-e-type=\"container\" data-settings=\"{&quot;background_background&quot;:&quot;classic&quot;}\">\n\t\t\t\t\t<div class=\"e-con-inner\">\n\t\t<div class=\"elementor-element elementor-element-fc9eaca e-con-full e-flex e-con e-child\" data-id=\"fc9eaca\" data-element_type=\"container\" data-e-type=\"container\">\n\t\t<div class=\"elementor-element elementor-element-80a7349 e-con-full e-flex e-con e-child\" data-id=\"80a7349\" data-element_type=\"container\" data-e-type=\"container\" data-settings=\"{&quot;background_background&quot;:&quot;classic&quot;}\">\n\t\t\t\t<\/div>\n\t\t<div class=\"elementor-element elementor-element-56c0025 e-con-full e-flex e-con e-child\" data-id=\"56c0025\" data-element_type=\"container\" data-e-type=\"container\">\n\t\t\t\t<div class=\"elementor-element elementor-element-254cfbe elementor-widget elementor-widget-heading\" data-id=\"254cfbe\" data-element_type=\"widget\" data-e-type=\"widget\" data-widget_type=\"heading.default\">\n\t\t\t\t<div class=\"elementor-widget-container\">\n\t\t\t\t\t<h2 class=\"elementor-heading-title elementor-size-default\">Mus\u00e9e de la Famenne \u00e0 Marche-en-Famenne<\/h2>\t\t\t\t<\/div>\n\t\t\t\t<\/div>\n\t\t\t\t<div class=\"elementor-element elementor-element-4f4e427 elementor-widget elementor-widget-text-editor\" data-id=\"4f4e427\" data-element_type=\"widget\" data-e-type=\"widget\" data-widget_type=\"text-editor.default\">\n\t\t\t\t<div class=\"elementor-widget-container\">\n\t\t\t\t\t\t\t\t\t<p>Un mus\u00e9e d\u00e9di\u00e9 \u00e0 l\u2019histoire et \u00e0 la culture de la r\u00e9gion. Il propose des expositions sur le patrimoine local, les traditions, et les personnages historiques.<br \/><strong>Activit\u00e9<\/strong> : Visite du mus\u00e9e et immersion dans la culture r\u00e9gionale.<\/p>\t\t\t\t\t\t\t\t<\/div>\n\t\t\t\t<\/div>\n\t\t\t\t<\/div>\n\t\t\t\t<\/div>\n\t\t<div class=\"elementor-element elementor-element-a626439 e-con-full e-flex e-con e-child\" data-id=\"a626439\" data-element_type=\"container\" data-e-type=\"container\">\n\t\t<div class=\"elementor-element elementor-element-692baf0 e-con-full e-flex e-con e-child\" data-id=\"692baf0\" data-element_type=\"container\" data-e-type=\"container\" data-settings=\"{&quot;background_background&quot;:&quot;classic&quot;}\">\n\t\t\t\t<\/div>\n\t\t<div class=\"elementor-element elementor-element-81f62a9 e-con-full e-flex e-con e-child\" data-id=\"81f62a9\" data-element_type=\"container\" data-e-type=\"container\">\n\t\t\t\t<div class=\"elementor-element elementor-element-24edfb9 elementor-widget elementor-widget-heading\" data-id=\"24edfb9\" data-element_type=\"widget\" data-e-type=\"widget\" data-widget_type=\"heading.default\">\n\t\t\t\t<div class=\"elementor-widget-container\">\n\t\t\t\t\t<h2 class=\"elementor-heading-title elementor-size-default\">Randonn\u00e9es et balades nature<\/h2>\t\t\t\t<\/div>\n\t\t\t\t<\/div>\n\t\t\t\t<div class=\"elementor-element elementor-element-1887b77 elementor-widget elementor-widget-text-editor\" data-id=\"1887b77\" data-element_type=\"widget\" data-e-type=\"widget\" data-widget_type=\"text-editor.default\">\n\t\t\t\t<div class=\"elementor-widget-container\">\n\t\t\t\t\t\t\t\t\t<p>La r\u00e9gion de Famenne est travers\u00e9e par plusieurs sentiers de randonn\u00e9e, dont certains offrent de superbes points de vue sur la campagne environnante. Des parcours balis\u00e9s pour les marcheurs de tous niveaux.<br \/><strong>Activit\u00e9<\/strong> : Randonn\u00e9es p\u00e9destres, balades en VTT.<\/p>\t\t\t\t\t\t\t\t<\/div>\n\t\t\t\t<\/div>\n\t\t\t\t<\/div>\n\t\t\t\t<\/div>\n\t\t<div class=\"elementor-element elementor-element-710eae9 e-con-full e-flex e-con e-child\" data-id=\"710eae9\" data-element_type=\"container\" data-e-type=\"container\">\n\t\t<div class=\"elementor-element elementor-element-60457e1 e-con-full e-flex e-con e-child\" data-id=\"60457e1\" data-element_type=\"container\" data-e-type=\"container\" data-settings=\"{&quot;background_background&quot;:&quot;classic&quot;}\">\n\t\t\t\t<\/div>\n\t\t<div class=\"elementor-element elementor-element-cfb595b e-con-full e-flex e-con e-child\" data-id=\"cfb595b\" data-element_type=\"container\" data-e-type=\"container\">\n\t\t\t\t<div class=\"elementor-element elementor-element-2ddfc90 elementor-widget elementor-widget-heading\" data-id=\"2ddfc90\" data-element_type=\"widget\" data-e-type=\"widget\" data-widget_type=\"heading.default\">\n\t\t\t\t<div class=\"elementor-widget-container\">\n\t\t\t\t\t<h2 class=\"elementor-heading-title elementor-size-default\">Parc Chlorophylle \u00e0 Dochamps<\/h2>\t\t\t\t<\/div>\n\t\t\t\t<\/div>\n\t\t\t\t<div class=\"elementor-element elementor-element-3dcacdb elementor-widget elementor-widget-text-editor\" data-id=\"3dcacdb\" data-element_type=\"widget\" data-e-type=\"widget\" data-widget_type=\"text-editor.default\">\n\t\t\t\t<div class=\"elementor-widget-container\">\n\t\t\t\t\t\t\t\t\t<p>Un parc th\u00e9matique en pleine for\u00eat qui propose des activit\u00e9s autour de la nature pour les enfants et les adultes. Des parcours acrobatiques, des ponts suspendus, et des jeux en bois sont disponibles.<br \/><strong>Activit\u00e9<\/strong> : Exploration du parc, parcours d\u2019accrobranche.<\/p>\t\t\t\t\t\t\t\t<\/div>\n\t\t\t\t<\/div>\n\t\t\t\t<\/div>\n\t\t\t\t<\/div>\n\t\t<div class=\"elementor-element elementor-element-e569afe e-con-full e-flex e-con e-child\" data-id=\"e569afe\" data-element_type=\"container\" data-e-type=\"container\">\n\t\t<div class=\"elementor-element elementor-element-224837f e-con-full e-flex e-con e-child\" data-id=\"224837f\" data-element_type=\"container\" data-e-type=\"container\" data-settings=\"{&quot;background_background&quot;:&quot;classic&quot;}\">\n\t\t\t\t<\/div>\n\t\t<div class=\"elementor-element elementor-element-dd93063 e-con-full e-flex e-con e-child\" data-id=\"dd93063\" data-element_type=\"container\" data-e-type=\"container\">\n\t\t\t\t<div class=\"elementor-element elementor-element-e2f6ec3 elementor-widget elementor-widget-heading\" data-id=\"e2f6ec3\" data-element_type=\"widget\" data-e-type=\"widget\" data-widget_type=\"heading.default\">\n\t\t\t\t<div class=\"elementor-widget-container\">\n\t\t\t\t\t<h2 class=\"elementor-heading-title elementor-size-default\">Ferme du Parc (Rochefort)<\/h2>\t\t\t\t<\/div>\n\t\t\t\t<\/div>\n\t\t\t\t<div class=\"elementor-element elementor-element-584356c elementor-widget elementor-widget-text-editor\" data-id=\"584356c\" data-element_type=\"widget\" data-e-type=\"widget\" data-widget_type=\"text-editor.default\">\n\t\t\t\t<div class=\"elementor-widget-container\">\n\t\t\t\t\t\t\t\t\t<p>Une ferme p\u00e9dagogique o\u00f9 vous pouvez d\u00e9couvrir la vie rurale et les animaux de la ferme.<br \/><strong>Activit\u00e9<\/strong> : Visite des animaux, activit\u00e9s \u00e9ducatives pour les enfants.<\/p>\t\t\t\t\t\t\t\t<\/div>\n\t\t\t\t<\/div>\n\t\t\t\t<\/div>\n\t\t\t\t<\/div>\n\t\t\t\t<div class=\"elementor-element elementor-element-c4bc531 elementor-widget elementor-widget-text-editor\" data-id=\"c4bc531\" data-element_type=\"widget\" data-e-type=\"widget\" data-widget_type=\"text-editor.default\">\n\t\t\t\t<div class=\"elementor-widget-container\">\n\t\t\t\t\t\t\t\t\t<p>Ces lieux font de Famenne une destination riche en diversit\u00e9, alliant nature, culture, et \u00e9v\u00e9nements, et en font un endroit pris\u00e9 tant pour les habitants que pour les visiteurs.<\/p>\t\t\t\t\t\t\t\t<\/div>\n\t\t\t\t<\/div>\n\t\t\t\t\t<\/div>\n\t\t\t\t<\/div>\n\t\t<div class=\"elementor-element elementor-element-7655b98 e-flex e-con-boxed e-con e-parent\" data-id=\"7655b98\" data-element_type=\"container\" data-e-type=\"container\" data-settings=\"{&quot;background_background&quot;:&quot;classic&quot;}\">\n\t\t\t\t\t<div class=\"e-con-inner\">\n\t\t\t\t<div class=\"elementor-element elementor-element-527ff48 elementor-widget elementor-widget-heading\" data-id=\"527ff48\" data-element_type=\"widget\" data-e-type=\"widget\" data-widget_type=\"heading.default\">\n\t\t\t\t<div class=\"elementor-widget-container\">\n\t\t\t\t\t<h2 class=\"elementor-heading-title elementor-size-default\">Notre partenaire<\/h2>\t\t\t\t<\/div>\n\t\t\t\t<\/div>\n\t\t<div class=\"elementor-element elementor-element-a4d8910 e-con-full e-flex e-con e-child\" data-id=\"a4d8910\" data-element_type=\"container\" data-e-type=\"container\">\n\t\t\t\t<div class=\"elementor-element elementor-element-3c4edbc elementor-widget elementor-widget-image\" data-id=\"3c4edbc\" data-element_type=\"widget\" data-e-type=\"widget\" data-widget_type=\"image.default\">\n\t\t\t\t<div class=\"elementor-widget-container\">\n\t\t\t\t\t\t\t\t\t\t\t\t\t\t\t<img fetchpriority=\"high\" decoding=\"async\" width=\"850\" height=\"850\" src=\"https:\/\/taxi-marche-libramont.myskydoowebsite.com\/wp-content\/uploads\/Wex_Logo2017_couleur.jpg\" class=\"attachment-large size-large wp-image-1910\" alt=\"\" srcset=\"https:\/\/taxi-marche-libramont.myskydoowebsite.com\/wp-content\/uploads\/Wex_Logo2017_couleur.jpg 850w, https:\/\/taxi-marche-libramont.myskydoowebsite.com\/wp-content\/uploads\/Wex_Logo2017_couleur-600x600.jpg 600w, https:\/\/taxi-marche-libramont.myskydoowebsite.com\/wp-content\/uploads\/Wex_Logo2017_couleur-768x768.jpg 768w\" sizes=\"(max-width: 850px) 100vw, 850px\" \/>\t\t\t\t\t\t\t\t\t\t\t\t\t\t\t<\/div>\n\t\t\t\t<\/div>\n\t\t\t\t<\/div>\n\t\t\t\t\t<\/div>\n\t\t\t\t<\/div>\n\t\t<div class=\"elementor-element elementor-element-8bda9f2 e-con-full e-flex e-con e-parent\" data-id=\"8bda9f2\" data-element_type=\"container\" data-e-type=\"container\">\n\t\t\t\t<div class=\"elementor-element elementor-element-89f191a elementor-widget elementor-widget-google_maps\" data-id=\"89f191a\" data-element_type=\"widget\" data-e-type=\"widget\" data-widget_type=\"google_maps.default\">\n\t\t\t\t<div class=\"elementor-widget-container\">\n\t\t\t\t\t\t\t<div class=\"elementor-custom-embed\">\n\t\t\t<iframe loading=\"lazy\"\n\t\t\t\t\tsrc=\"https:\/\/maps.google.com\/maps?q=%20Gare%20de%20Jemelle%20%7C%20Marloie&#038;t=m&#038;z=10&#038;output=embed&#038;iwloc=near\"\n\t\t\t\t\ttitle=\" Gare de Jemelle | Marloie\"\n\t\t\t\t\taria-label=\" Gare de Jemelle | Marloie\"\n\t\t\t><\/iframe>\n\t\t<\/div>\n\t\t\t\t\t\t<\/div>\n\t\t\t\t<\/div>\n\t\t\t\t<\/div>\n\t\t\t\t<\/div>\n\t\t","protected":false},"excerpt":{"rendered":"<p>Zone Famenne Les incontournables de la zone Famenne La Famenne est une r\u00e9gion naturelle du sud de la Belgique, connue pour ses paysages vallonn\u00e9s, ses grottes, comme les Grottes de Han, et ses rivi\u00e8res. Elle offre un cadre id\u00e9al pour les activit\u00e9s de plein air, telles que la randonn\u00e9e et le kayak. Ses petites villes, [&hellip;]<\/p>\n","protected":false},"author":1,"featured_media":0,"parent":0,"menu_order":0,"comment_status":"closed","ping_status":"closed","template":"","meta":{"footnotes":""},"class_list":["post-473","page","type-page","status-publish","hentry"],"_links":{"self":[{"href":"https:\/\/taxi-marche-libramont.myskydoowebsite.com\/index.php?rest_route=\/wp\/v2\/pages\/473","targetHints":{"allow":["GET"]}}],"collection":[{"href":"https:\/\/taxi-marche-libramont.myskydoowebsite.com\/index.php?rest_route=\/wp\/v2\/pages"}],"about":[{"href":"https:\/\/taxi-marche-libramont.myskydoowebsite.com\/index.php?rest_route=\/wp\/v2\/types\/page"}],"author":[{"embeddable":true,"href":"https:\/\/taxi-marche-libramont.myskydoowebsite.com\/index.php?rest_route=\/wp\/v2\/users\/1"}],"replies":[{"embeddable":true,"href":"https:\/\/taxi-marche-libramont.myskydoowebsite.com\/index.php?rest_route=%2Fwp%2Fv2%2Fcomments&post=473"}],"version-history":[{"count":100,"href":"https:\/\/taxi-marche-libramont.myskydoowebsite.com\/index.php?rest_route=\/wp\/v2\/pages\/473\/revisions"}],"predecessor-version":[{"id":1997,"href":"https:\/\/taxi-marche-libramont.myskydoowebsite.com\/index.php?rest_route=\/wp\/v2\/pages\/473\/revisions\/1997"}],"wp:attachment":[{"href":"https:\/\/taxi-marche-libramont.myskydoowebsite.com\/index.php?rest_route=%2Fwp%2Fv2%2Fmedia&parent=473"}],"curies":[{"name":"wp","href":"https:\/\/api.w.org\/{rel}","templated":true}]}}